{"id":41,"date":"2024-03-29T16:50:03","date_gmt":"2024-03-29T15:50:03","guid":{"rendered":"https:\/\/cera-una-volta.fr\/?page_id=41"},"modified":"2024-05-03T10:14:39","modified_gmt":"2024-05-03T08:14:39","slug":"41-2","status":"publish","type":"page","link":"https:\/\/cera-una-volta.fr\/?page_id=41","title":{"rendered":"le restaurant"},"content":{"rendered":"<p>[et_pb_section fb_built=\u00a0\u00bb1&Prime; _builder_version=\u00a0\u00bb4.16&Prime; custom_padding=\u00a0\u00bb||0px|||\u00a0\u00bb global_colors_info=\u00a0\u00bb{}\u00a0\u00bb][et_pb_row _builder_version=\u00a0\u00bb4.24.2&Prime; background_color=\u00a0\u00bb#f6f6f6&Prime; background_size=\u00a0\u00bbinitial\u00a0\u00bb background_position=\u00a0\u00bbtop_left\u00a0\u00bb background_repeat=\u00a0\u00bbrepeat\u00a0\u00bb width=\u00a0\u00bb100%\u00a0\u00bb max_width=\u00a0\u00bb603px\u00a0\u00bb custom_padding=\u00a0\u00bb44px|||||\u00a0\u00bb global_colors_info=\u00a0\u00bb{}\u00a0\u00bb][et_pb_column type=\u00a0\u00bb4_4&Prime; _builder_version=\u00a0\u00bb4.16&Prime; custom_padding=\u00a0\u00bb|||\u00a0\u00bb global_colors_info=\u00a0\u00bb{}\u00a0\u00bb custom_padding__hover=\u00a0\u00bb|||\u00a0\u00bb][et_pb_text _builder_version=\u00a0\u00bb4.24.3&Prime; text_font_size=\u00a0\u00bb17px\u00a0\u00bb background_size=\u00a0\u00bbinitial\u00a0\u00bb background_position=\u00a0\u00bbtop_left\u00a0\u00bb background_repeat=\u00a0\u00bbrepeat\u00a0\u00bb custom_padding=\u00a0\u00bb||0px|||\u00a0\u00bb global_colors_info=\u00a0\u00bb{}\u00a0\u00bb]<\/p>\n<p style=\"text-align: center;\"><strong>C\u2019era una Volta<\/strong><br \/>4 Rue des Magnanarelles<br \/>34990 Juvignac<br \/>R\u00e9servation conseill\u00e9e<br \/><strong>09 51 06 22 51<\/strong><\/p>\n<p><!-- \/divi:paragraph --><\/p>\n<p>[\/et_pb_text][\/et_pb_column][\/et_pb_row][et_pb_row _builder_version=\u00a0\u00bb4.24.2&Prime; _module_preset=\u00a0\u00bbdefault\u00a0\u00bb global_colors_info=\u00a0\u00bb{}\u00a0\u00bb][et_pb_column type=\u00a0\u00bb4_4&Prime; _builder_version=\u00a0\u00bb4.24.2&Prime; _module_preset=\u00a0\u00bbdefault\u00a0\u00bb global_colors_info=\u00a0\u00bb{}\u00a0\u00bb][et_pb_image src=\u00a0\u00bbhttp:\/\/cera-una-volta.fr\/wp-content\/uploads\/2024\/03\/photo-un-cera-una-volta.webp\u00a0\u00bb title_text=\u00a0\u00bbphoto un cera una volta\u00a0\u00bb align=\u00a0\u00bbcenter\u00a0\u00bb _builder_version=\u00a0\u00bb4.24.2&Prime; _module_preset=\u00a0\u00bbdefault\u00a0\u00bb custom_margin=\u00a0\u00bb26px||78px|||\u00a0\u00bb global_colors_info=\u00a0\u00bb{}\u00a0\u00bb][\/et_pb_image][et_pb_text _builder_version=\u00a0\u00bb4.24.3&Prime; text_font_size=\u00a0\u00bb17px\u00a0\u00bb background_size=\u00a0\u00bbinitial\u00a0\u00bb background_position=\u00a0\u00bbtop_left\u00a0\u00bb background_repeat=\u00a0\u00bbrepeat\u00a0\u00bb width=\u00a0\u00bb74%\u00a0\u00bb module_alignment=\u00a0\u00bbcenter\u00a0\u00bb custom_margin=\u00a0\u00bb||75px|||\u00a0\u00bb custom_padding=\u00a0\u00bb||0px|||\u00a0\u00bb global_colors_info=\u00a0\u00bb{}\u00a0\u00bb]<\/p>\n<p style=\"text-align: center;\">Au c\u0153ur de Juvignac, en France, vous trouverez un v\u00e9ritable morceau d&rsquo;Italie &#8211; le restaurant italien \u00ab C\u2019era una Volta \u00bb. Le chef Stefano Russo, originaire de Naples, raconte une histoire de traditions transmises de g\u00e9n\u00e9ration en g\u00e9n\u00e9ration. Les saveurs sont exquises, les parfums envo\u00fbtants et les plats pr\u00e9par\u00e9s avec une attention m\u00e9ticuleuse aux d\u00e9tails.<\/p>\n<p style=\"text-align: center;\">L&rsquo;\u00e9quipe de Stefano est compos\u00e9e de v\u00e9ritables artisans culinaires italiens, chacun apportant son expertise et son amour pour la cuisine de leur pays natal.<\/p>\n<p><!-- \/divi:paragraph --><\/p>\n<p>[\/et_pb_text][et_pb_image src=\u00a0\u00bbhttp:\/\/cera-una-volta.fr\/wp-content\/uploads\/2024\/03\/photo-dos-cera-una-volta.webp\u00a0\u00bb title_text=\u00a0\u00bbphoto dos cera una volta\u00a0\u00bb align=\u00a0\u00bbcenter\u00a0\u00bb _builder_version=\u00a0\u00bb4.24.2&Prime; _module_preset=\u00a0\u00bbdefault\u00a0\u00bb custom_margin=\u00a0\u00bb||78px|||\u00a0\u00bb global_colors_info=\u00a0\u00bb{}\u00a0\u00bb][\/et_pb_image][et_pb_text _builder_version=\u00a0\u00bb4.25.0&Prime; text_font_size=\u00a0\u00bb17px\u00a0\u00bb background_size=\u00a0\u00bbinitial\u00a0\u00bb background_position=\u00a0\u00bbtop_left\u00a0\u00bb background_repeat=\u00a0\u00bbrepeat\u00a0\u00bb width=\u00a0\u00bb67%\u00a0\u00bb module_alignment=\u00a0\u00bbcenter\u00a0\u00bb custom_margin=\u00a0\u00bb18px|||||\u00a0\u00bb custom_padding=\u00a0\u00bb||0px|||\u00a0\u00bb hover_enabled=\u00a0\u00bb0&Prime; global_colors_info=\u00a0\u00bb{}\u00a0\u00bb sticky_enabled=\u00a0\u00bb0&Prime;]<\/p>\n<p style=\"text-align: center;\">Le chef lui-m\u00eame, audacieux et cr\u00e9atif, fait preuve d&rsquo;une ma\u00eetrise in\u00e9gal\u00e9e des recettes italiennes classiques, tout en ajoutant sa touche personnelle pour cr\u00e9er des plats uniques et m\u00e9morables. Venez savourer une exp\u00e9rience culinaire inoubliable qui vous transportera directement aux portes de l&rsquo;Italie.<\/p>\n<p>&nbsp;<\/p>\n<p><!-- \/divi:paragraph --><\/p>\n<p>[\/et_pb_text][et_pb_image src=\u00a0\u00bbhttp:\/\/cera-una-volta.fr\/wp-content\/uploads\/2024\/03\/photo-tres-cera-una-volta.webp\u00a0\u00bb title_text=\u00a0\u00bbphoto tres cera una volta\u00a0\u00bb align=\u00a0\u00bbcenter\u00a0\u00bb _builder_version=\u00a0\u00bb4.24.2&Prime; _module_preset=\u00a0\u00bbdefault\u00a0\u00bb global_colors_info=\u00a0\u00bb{}\u00a0\u00bb][\/et_pb_image][\/et_pb_column][\/et_pb_row][\/et_pb_section]<\/p>\n","protected":false},"excerpt":{"rendered":"<p>C\u2019era una Volta4 Rue des Magnanarelles34990 JuvignacR\u00e9servation conseill\u00e9e09 51 06 22 51 Au c\u0153ur de Juvignac, en France, vous trouverez un v\u00e9ritable morceau d&rsquo;Italie &#8211; le restaurant italien \u00ab C\u2019era una Volta \u00bb. Le chef Stefano Russo, originaire de Naples, raconte une histoire de traditions transmises de g\u00e9n\u00e9ration en g\u00e9n\u00e9ration. Les saveurs sont exquises, les [&hellip;]<\/p>\n","protected":false},"author":1,"featured_media":0,"parent":0,"menu_order":0,"comment_status":"closed","ping_status":"closed","template":"","meta":{"_et_pb_use_builder":"on","_et_pb_old_content":"","_et_gb_content_width":"","footnotes":""},"class_list":["post-41","page","type-page","status-publish","hentry"],"_links":{"self":[{"href":"https:\/\/cera-una-volta.fr\/index.php?rest_route=\/wp\/v2\/pages\/41","targetHints":{"allow":["GET"]}}],"collection":[{"href":"https:\/\/cera-una-volta.fr\/index.php?rest_route=\/wp\/v2\/pages"}],"about":[{"href":"https:\/\/cera-una-volta.fr\/index.php?rest_route=\/wp\/v2\/types\/page"}],"author":[{"embeddable":true,"href":"https:\/\/cera-una-volta.fr\/index.php?rest_route=\/wp\/v2\/users\/1"}],"replies":[{"embeddable":true,"href":"https:\/\/cera-una-volta.fr\/index.php?rest_route=%2Fwp%2Fv2%2Fcomments&post=41"}],"version-history":[{"count":8,"href":"https:\/\/cera-una-volta.fr\/index.php?rest_route=\/wp\/v2\/pages\/41\/revisions"}],"predecessor-version":[{"id":70,"href":"https:\/\/cera-una-volta.fr\/index.php?rest_route=\/wp\/v2\/pages\/41\/revisions\/70"}],"wp:attachment":[{"href":"https:\/\/cera-una-volta.fr\/index.php?rest_route=%2Fwp%2Fv2%2Fmedia&parent=41"}],"curies":[{"name":"wp","href":"https:\/\/api.w.org\/{rel}","templated":true}]}}